{"id":96,"date":"2019-02-26T02:49:25","date_gmt":"2019-02-26T02:49:25","guid":{"rendered":"http:\/\/elotroladodeldivan.com\/?page_id=96"},"modified":"2019-03-06T20:07:34","modified_gmt":"2019-03-06T20:07:34","slug":"sobre-mi","status":"publish","type":"page","link":"http:\/\/elotroladodeldivan.com\/index.php\/sobre-mi\/","title":{"rendered":"SOBRE M\u00cd"},"content":{"rendered":"\r\n<h1 class=\"wp-block-heading\" style=\"text-align: center;\"><strong><span style=\"font-family: helvetica, arial, sans-serif;\">SOBRE M\u00cd.<\/span><\/strong><\/h1>\r\n<p><span style=\"font-family: helvetica, arial, sans-serif;\">\r\n\r\n<\/span><\/p>\r\n<h2 class=\"wp-block-heading\" style=\"text-align: center;\"><strong><span style=\"font-size: 14pt; font-family: helvetica, arial, sans-serif;\">\u00abEl primer paso para avanzar, es aceptar qui\u00e9n eres.\u00bb<\/span><\/strong><\/h2>\r\n\r\n\r\n\r\n<div class=\"wp-block-image\">\r\n<figure class=\"aligncenter is-resized\"><img decoding=\"async\" loading=\"lazy\" class=\"wp-image-248\" src=\"http:\/\/elotroladodeldivan.com\/wp-content\/uploads\/2019\/03\/sobre-mi-def-1-768x1024.jpg\" alt=\"\" width=\"341\" height=\"454\" srcset=\"http:\/\/elotroladodeldivan.com\/wp-content\/uploads\/2019\/03\/sobre-mi-def-1-768x1024.jpg 768w, http:\/\/elotroladodeldivan.com\/wp-content\/uploads\/2019\/03\/sobre-mi-def-1-225x300.jpg 225w, http:\/\/elotroladodeldivan.com\/wp-content\/uploads\/2019\/03\/sobre-mi-def-1.jpg 960w\" sizes=\"(max-width: 341px) 100vw, 341px\" \/><\/figure>\r\n<\/div>\r\n\r\n\r\n\r\n<p><span style=\"font-size: 12pt; font-family: helvetica, arial, sans-serif;\">Como todas las frases lapidarias, esta contiene infinidad de interrogantes detr\u00e1s de cada una de las palabras que la conforman.\u00a0<\/span><\/p>\r\n<p><span style=\"font-size: 12pt; font-family: helvetica, arial, sans-serif;\">La primera y m\u00e1s obvia para este espacio es:<\/span><\/p>\r\n<p><span style=\"font-size: 12pt; font-family: helvetica, arial, sans-serif;\"><strong>\u00bfQui\u00e9n soy?<\/strong><\/span><\/p>\r\n<p><span style=\"font-size: 12pt; font-family: helvetica, arial, sans-serif;\">Ser\u00eda una pregunta dif\u00edcil de responder si no hubiera vivido, mirado y respirado autoconsciencia a lo largo de toda mi vida. S\u00ed, suena bastante egoc\u00e9ntrico y, debo reconocerlo, lo es. Lo soy.<\/span><\/p>\r\n<p><span style=\"font-size: 12pt; font-family: helvetica, arial, sans-serif;\">Desde peque\u00f1a supe que algo dentro de m\u00ed no era igual a los dem\u00e1s. Esto es obvio: <strong>el ser humano es igual a todos, a algunos y a ninguno<\/strong> en el amplio abanico que conforma nuestro ser. Pero me sent\u00eda diferente de los otros ni\u00f1os y eso me hac\u00eda sentir insignificante y asustada como un perrito apaleado sin que existiera nada externo que lo provocara.<\/span><\/p>\r\n<p><span style=\"font-size: 12pt; font-family: helvetica, arial, sans-serif;\">Durante a\u00f1os me limit\u00e9 a ser una mera espectadora del entorno tratando de encontrar regularidades, una serie de variables sobre las que elaborar un teor\u00eda que me ayudara a saber como interactuar con \u00e9l. Cuando crec\u00ed esto se convirti\u00f3 en un problema. Los a\u00f1os hab\u00edan pasado y no hab\u00eda conseguido la f\u00f3rmula cient\u00edfica que me ense\u00f1ara a vivir y, lo que hasta ese momento se agitaba en mi interior, se desbord\u00f3 como un r\u00edo tras una crecida inesperada y lo arras\u00f3 todo y a todos. Y cambi\u00f3 el rumbo de mi vida.\u00a0<\/span><\/p>\r\n<p><span style=\"font-size: 12pt; font-family: helvetica, arial, sans-serif;\">Todo esto es una manera po\u00e9tica de decir lo que probablemente est\u00e1s pensando: estoy para encerrar. Pero como los m\u00e9dicos no lo consideraron necesario y no encontr\u00e9 ning\u00fan psic\u00f3logo que me convenciera, decid\u00ed convertirme en uno.\u00a0<\/span><\/p>\r\n<p><span style=\"font-size: 12pt; font-family: helvetica, arial, sans-serif;\"><strong>Siempre hay una persona (o varias) que marca un antes y un despu\u00e9s en la vida<\/strong> de alguien. En mi caso, dicha persona me desaconsej\u00f3 totalmente estudiar esta carrera: \u00abEstudia Medicina o ded\u00edcate a escribir, pero cinco a\u00f1os son demasiados para tratar de \u00abcurarte\u00bb a ti misma.\u00bb Y ten\u00eda raz\u00f3n, s\u00f3lo que no me avis\u00f3 de que no ser\u00edan s\u00f3lo cinco a\u00f1os, que aquel camino que hab\u00eda iniciado no ten\u00eda una fecha l\u00edmite, que estas \u00abenfermedades\u00bb de las que no se habla <strong>no tienen cura<\/strong>, no desaparecen con un tratamiento qu\u00edmico y te acompa\u00f1an todos y cada uno de tus d\u00edas.\u00a0<\/span><\/p>\r\n<p><span style=\"font-size: 12pt; font-family: helvetica, arial, sans-serif;\"><strong>Pero, \u00bfc\u00f3mo se puede aceptar algo as\u00ed?<\/strong><\/span><\/p>\r\n<p><span style=\"font-size: 12pt; font-family: helvetica, arial, sans-serif;\">Llegamos al quid de la cuesti\u00f3n; a aquello que nivela a todos los seres humanos: todos, absolutamente <strong>todos, tenemos virtudes y defectos<\/strong>. Para algunos ser\u00e1 m\u00e1s f\u00e1cil obviar sus defectos o congraciarse con ellos mientras exaltan sus virtudes, pero, para la mayor\u00eda de los mortales, esta es una batalla vitalicia. \u00abNo soy lo suficientemente alto, me gustar\u00eda ser m\u00e1s inteligente, m\u00e1s extrovertido, tener un pecho m\u00e1s grande, un trabajo mejor, hablar idiomas, que mi familia fuera m\u00e1s unida, etc.\u00bb Podemos elaborar una lista infinita de disconformidades, algunas de ellas pueden superarse de uno u otro modo; otras, en cambio s\u00f3lo te dejan dos opciones: o las aceptas, o te lamentas y te enfureces como qui\u00e9n trata de derrumbar un muro de acero con sus manos.\u00a0<\/span><\/p>\r\n<p><span style=\"font-size: 12pt; font-family: helvetica, arial, sans-serif;\">Algo que aprender\u00e1s si me acompa\u00f1as en este camino, es que <strong>las alteraciones psicol\u00f3gicas no son algo que se elija<\/strong>. Igual que uno no decide medir 1.60, tener dermatitis o alopecia androgen\u00e9tica, tampoco es una elecci\u00f3n personal tener un trastorno de personalidad, una predisposici\u00f3n a la ansiedad o un trastorno disociativo. Lamentablemente, parece que un alto porcentaje de la sociedad as\u00ed lo cree y nos sentimos obligados a ocultarlo como el adolescente que fuma a sus padres.\u00a0<\/span><\/p>\r\n<p><span style=\"font-size: 12pt; font-family: helvetica, arial, sans-serif;\"><strong>Y esto debe cambiar.<\/strong><\/span><\/p>\r\n<p><span style=\"font-size: 12pt; font-family: helvetica, arial, sans-serif;\"><strong>\u00bfY eso lo vas a hacer t\u00fa?<\/strong><\/span><\/p>\r\n<p><span style=\"font-size: 12pt; font-family: helvetica, arial, sans-serif;\">Si bien aprend\u00ed valiosas y dolorosas lecciones como \u00abpaciente\u00bb, las aprendidas como psic\u00f3loga no se han quedado atr\u00e1s. La Psicolog\u00eda es una disciplina poco valorada en la mayor\u00eda de los pa\u00edses que he conocido. No importa que estudiara una licenciatura oficial con todos sus cr\u00e9ditos v\u00e1lidos a nivel estatal, europeo e internacional, y que en Espa\u00f1a no se ense\u00f1e un contenido que no est\u00e9 respaldado cient\u00edficamente, la gente seguir\u00e1 preguntando si puedo leerles la mente, sugiriendo que no me saque un diagn\u00f3stico de la manga para sacarles el dinero o afirmando que \u00abno cree en la psicolog\u00eda\u00bb como si fuera una religi\u00f3n o la dieta de moda.\u00a0<\/span><\/p>\r\n<p><span style=\"font-size: 12pt; font-family: helvetica, arial, sans-serif;\">No soy una persona ambiciosa, me acobarda el hecho de poder sobresalir en algo y hacerme visible, pero siempre he tenido una alta intolerancia a las injusticias y defiendo firmemente (testarudamente) aquello en lo que creo.<\/span><\/p>\r\n<p><strong><span style=\"font-size: 12pt; font-family: helvetica, arial, sans-serif;\">Y creo en esto.<\/span><\/strong><\/p>\r\n<p><span style=\"font-size: 12pt; font-family: helvetica, arial, sans-serif;\">Creo en <strong>acabar<\/strong> con el etiquetado, con la <strong>culpa y el estigma<\/strong> de tener una alteraci\u00f3n psicol\u00f3gica que produce una doble victimizaci\u00f3n, en que <strong>esto no sea \u00abqui\u00e9n soy\u00bb<\/strong> si no s\u00f3lo una parte de m\u00ed, creo en cambiar el rol, la actitud del \u00abpaciente\u00bb como agente pasivo y doliente, creo en la mejora del sistema de salud a trav\u00e9s de sus profesionales, en el <strong>empoderamiento<\/strong> de todo ser humano y, no tengo que creer porque es, en la psicolog\u00eda y cualquier disciplina cient\u00edfica como herramientas para lograrlo.\u00a0<\/span><\/p>\r\n<p><span style=\"font-size: 12pt; font-family: helvetica, arial, sans-serif;\">No aspiro a cambiar el mundo, s\u00f3lo quiero aportar mi granito de arena, compartiendo mi experiencia personal y profesional, mis conocimientos y descubrimientos, para que alg\u00fan d\u00eda se consiga todo en lo que una servidora y muchos otros \u00ablocos\u00bb m\u00e1s creemos.\u00a0<\/span><\/p>\r\n<p><span style=\"font-size: 12pt; font-family: helvetica, arial, sans-serif;\">Si despu\u00e9s de leer todo esto sigues con ganas de acompa\u00f1arme en esta aventura, no me queda m\u00e1s que <strong>agradecerte tu paciencia<\/strong> y prometerte que har\u00e9 todo lo posible para que esta charla sea interesante.\u00a0<\/span><\/p>\r\n<p><span style=\"font-size: 12pt; font-family: helvetica, arial, sans-serif;\">A veces tiendo a hablar demasiado, pero tambi\u00e9n me encanta escuchar. As\u00ed que <strong>no dudes en ponerte en contacto conmigo y contarme todo lo que quieras.<\/strong>\u00a0<\/span><\/p>\r\n<p><span style=\"font-size: 12pt; font-family: helvetica, arial, sans-serif;\">Voy preparando el caf\u00e9.\u00a0<\/span><\/p>\r\n\r\n\r\n<div class=\"wpforms-container wpforms-container-full wpforms-block\" id=\"wpforms-177\"><form id=\"wpforms-form-177\" class=\"wpforms-validate wpforms-form\" data-formid=\"177\" method=\"post\" enctype=\"multipart\/form-data\" action=\"\/index.php\/wp-json\/wp\/v2\/pages\/96\" data-token=\"a12bd11c8d8cf8b037013f92ac64e2ee\"><noscript class=\"wpforms-error-noscript\">Por favor, activa JavaScript en tu navegador para completar este formulario.<\/noscript><div class=\"wpforms-field-container\"><div id=\"wpforms-177-field_0-container\" class=\"wpforms-field wpforms-field-name\" data-field-id=\"0\"><label class=\"wpforms-field-label\" for=\"wpforms-177-field_0\">Nombre <span class=\"wpforms-required-label\">*<\/span><\/label><input type=\"text\" id=\"wpforms-177-field_0\" class=\"wpforms-field-medium wpforms-field-required\" name=\"wpforms[fields][0]\" required><\/div><div id=\"wpforms-177-field_1-container\" class=\"wpforms-field wpforms-field-email\" data-field-id=\"1\"><label class=\"wpforms-field-label\" for=\"wpforms-177-field_1\">Correo electr\u00f3nico <span class=\"wpforms-required-label\">*<\/span><\/label><input type=\"email\" id=\"wpforms-177-field_1\" class=\"wpforms-field-medium wpforms-field-required\" name=\"wpforms[fields][1]\" spellcheck=\"false\" required><\/div><div id=\"wpforms-177-field_2-container\" class=\"wpforms-field wpforms-field-textarea\" data-field-id=\"2\"><label class=\"wpforms-field-label\" for=\"wpforms-177-field_2\">Comentario o mensaje <span class=\"wpforms-required-label\">*<\/span><\/label><textarea id=\"wpforms-177-field_2\" class=\"wpforms-field-medium wpforms-field-required\" name=\"wpforms[fields][2]\" required><\/textarea><\/div><\/div><!-- .wpforms-field-container --><div class=\"wpforms-field wpforms-field-hp\"><label for=\"wpforms-177-field-hp\" class=\"wpforms-field-label\">Comment<\/label><input type=\"text\" name=\"wpforms[hp]\" id=\"wpforms-177-field-hp\" class=\"wpforms-field-medium\"><\/div><div class=\"wpforms-submit-container\" ><input type=\"hidden\" name=\"wpforms[id]\" value=\"177\"><input type=\"hidden\" name=\"wpforms[author]\" value=\"1\"><button type=\"submit\" name=\"wpforms[submit]\" id=\"wpforms-submit-177\" class=\"wpforms-submit\" data-alt-text=\"Enviando...\" data-submit-text=\"Enviar\" aria-live=\"assertive\" value=\"wpforms-submit\">Enviar<\/button><\/div><\/form><\/div>  <!-- .wpforms-container -->","protected":false},"excerpt":{"rendered":"<p>SOBRE M\u00cd. \u00abEl primer paso para avanzar, es aceptar qui\u00e9n eres.\u00bb Como todas las frases lapidarias, esta contiene infinidad de interrogantes detr\u00e1s de cada una de las palabras que la conforman.\u00a0 La primera y m\u00e1s obvia para este espacio es: \u00bfQui\u00e9n soy? Ser\u00eda una pregunta dif\u00edcil de responder si no hubiera vivido, mirado y respirado [&hellip;]<\/p>\n","protected":false},"author":1,"featured_media":0,"parent":0,"menu_order":0,"comment_status":"closed","ping_status":"closed","template":"","meta":[],"_links":{"self":[{"href":"http:\/\/elotroladodeldivan.com\/index.php\/wp-json\/wp\/v2\/pages\/96"}],"collection":[{"href":"http:\/\/elotroladodeldivan.com\/index.php\/wp-json\/wp\/v2\/pages"}],"about":[{"href":"http:\/\/elotroladodeldivan.com\/index.php\/wp-json\/wp\/v2\/types\/page"}],"author":[{"embeddable":true,"href":"http:\/\/elotroladodeldivan.com\/index.php\/wp-json\/wp\/v2\/users\/1"}],"replies":[{"embeddable":true,"href":"http:\/\/elotroladodeldivan.com\/index.php\/wp-json\/wp\/v2\/comments?post=96"}],"version-history":[{"count":14,"href":"http:\/\/elotroladodeldivan.com\/index.php\/wp-json\/wp\/v2\/pages\/96\/revisions"}],"predecessor-version":[{"id":412,"href":"http:\/\/elotroladodeldivan.com\/index.php\/wp-json\/wp\/v2\/pages\/96\/revisions\/412"}],"wp:attachment":[{"href":"http:\/\/elotroladodeldivan.com\/index.php\/wp-json\/wp\/v2\/media?parent=96"}],"curies":[{"name":"wp","href":"https:\/\/api.w.org\/{rel}","templated":true}]}}